{"id":41,"date":"2024-11-30T00:37:29","date_gmt":"2024-11-29T23:37:29","guid":{"rendered":"http:\/\/www.federseele.de\/?page_id=41"},"modified":"2024-12-08T13:48:38","modified_gmt":"2024-12-08T12:48:38","slug":"impressum","status":"publish","type":"page","link":"http:\/\/www.federseele.de\/?page_id=41","title":{"rendered":"Impressum"},"content":{"rendered":"\n<p><\/p>\n\n\n\n<p>Olga Nikitin<\/p>\n\n\n\n<p>Frankfurter Str. 61,<br>61279 Gr\u00e4venwiesbach,<br>Deutschland<\/p>\n\n\n\n<p><strong>E-Mail:<\/strong>&nbsp;<a href=\"mailto:a.woronzova@gmail.com\">a.woronzova@gmail.com<\/a><\/p>\n\n\n\n<h2 class=\"wp-block-heading\" id=\"eu-streitschlichtung\">EU-Streitschlichtung<\/h2>\n\n\n\n<p>Gem\u00e4\u00df Verordnung \u00fcber Online-Streitbeilegung in Verbraucherangelegenheiten (ODR-Verordnung) m\u00f6chten wir Sie \u00fcber die Online-Streitbeilegungsplattform (OS-Plattform) informieren.<br>Verbraucher haben die M\u00f6glichkeit, Beschwerden an die Online Streitbeilegungsplattform der Europ\u00e4ischen Kommission unter&nbsp;<a href=\"https:\/\/ec.europa.eu\/consumers\/odr\/main\/index.cfm?event=main.home2.show&amp;lng=DE\" target=\"_blank\" rel=\"noreferrer noopener\">https:\/\/ec.europa.eu\/consumers\/odr\/main\/index.cfm?event=main.home2.show&amp;lng=DE<\/a>&nbsp;zu richten. Die daf\u00fcr notwendigen Kontaktdaten finden Sie oberhalb in unserem Impressum.<\/p>\n\n\n\n<p>Wir m\u00f6chten Sie jedoch darauf hinweisen, dass wir nicht bereit oder verpflichtet sind, an Streitbeilegungsverfahren vor einer Verbraucherschlichtungsstelle teilzunehmen.<\/p>\n\n\n\n<h2 class=\"wp-block-heading\" id=\"bildernachweis\">Bildernachweis<\/h2>\n\n\n\n<p>Die Bilder, Fotos und Grafiken auf dieser Webseite sind urheberrechtlich gesch\u00fctzt.<\/p>\n\n\n\n<p><strong>Die Bilderrechte liegen bei:<\/strong><br>Die Bilder wurden mit Hilfe von AI erstellt<\/p>\n\n\n\n<h2 class=\"wp-block-heading\" id=\"onlineauftritte\">Weitere Onlineauftritte<\/h2>\n\n\n\n<p><strong>Dieses Impressum gilt auch f\u00fcr<\/strong><br><a href=\"https:\/\/www.instagram.com\/anastasiaworonzova\/\" target=\"_blank\" rel=\"noreferrer noopener\">https:\/\/www.instagram.com\/anastasiaworonzova\/<\/a><br><a href=\"https:\/\/www.facebook.com\/profile.php\" target=\"_blank\" rel=\"noreferrer noopener\">https:\/\/www.facebook.com\/profile.php<\/a>?id=61566366430320<br><a href=\"https:\/\/www.anastasiaworonzova.com\/\" target=\"_blank\" rel=\"noreferrer noopener\">https:\/\/www.anastasiaworonzova.com<\/a><\/p>\n\n\n\n<p>Alle Texte sind urheberrechtlich gesch\u00fctzt.<\/p>\n\n\n\n<p>Quelle: Erstellt mit dem&nbsp;<a href=\"https:\/\/www.adsimple.de\/impressum-generator\/\">Impressum Generator<\/a>&nbsp;von AdSimple<\/p>\n\n\n\n<p><\/p>\n","protected":false},"excerpt":{"rendered":"<p>Olga Nikitin Frankfurter Str. 61,61279 Gr\u00e4venwiesbach,Deutschland E-Mail:&nbsp;a.woronzova@gmail.com EU-Streitschlichtung Gem\u00e4\u00df Verordnung \u00fcber Online-Streitbeilegung in Verbraucherangelegenheiten (ODR-Verordnung) m\u00f6chten wir Sie \u00fcber die Online-Streitbeilegungsplattform (OS-Plattform) informieren.Verbraucher haben die M\u00f6glichkeit, Beschwerden an die Online Streitbeilegungsplattform der Europ\u00e4ischen Kommission unter&nbsp;https:\/\/ec.europa.eu\/consumers\/odr\/main\/index.cfm?event=main.home2.show&amp;lng=DE&nbsp;zu richten. Die daf\u00fcr notwendigen Kontaktdaten finden Sie oberhalb in unserem Impressum. Wir m\u00f6chten Sie jedoch darauf hinweisen, dass wir nicht bereit oder verpflichtet sind, an Streitbeilegungsverfahren vor einer Verbraucherschlichtungsstelle teilzunehmen. Bildernachweis Die Bilder, Fotos und Grafiken auf dieser Webseite sind urheberrechtlich gesch\u00fctzt. Die Bilderrechte liegen bei:Die Bilder wurden mit Hilfe von AI erstellt Weitere Onlineauftritte Dieses Impressum gilt auch f\u00fcrhttps:\/\/www.instagram.com\/anastasiaworonzova\/https:\/\/www.facebook.com\/profile.php?id=61566366430320https:\/\/www.anastasiaworonzova.com Alle Texte sind urheberrechtlich gesch\u00fctzt. Quelle: Erstellt mit dem&nbsp;Impressum Generator&nbsp;von AdSimple<\/p>\n","protected":false},"author":1,"featured_media":0,"parent":0,"menu_order":0,"comment_status":"closed","ping_status":"closed","template":"","meta":{"footnotes":""},"class_list":["post-41","page","type-page","status-publish","hentry"],"_links":{"self":[{"href":"http:\/\/www.federseele.de\/index.php?rest_route=\/wp\/v2\/pages\/41","targetHints":{"allow":["GET"]}}],"collection":[{"href":"http:\/\/www.federseele.de\/index.php?rest_route=\/wp\/v2\/pages"}],"about":[{"href":"http:\/\/www.federseele.de\/index.php?rest_route=\/wp\/v2\/types\/page"}],"author":[{"embeddable":true,"href":"http:\/\/www.federseele.de\/index.php?rest_route=\/wp\/v2\/users\/1"}],"replies":[{"embeddable":true,"href":"http:\/\/www.federseele.de\/index.php?rest_route=%2Fwp%2Fv2%2Fcomments&post=41"}],"version-history":[{"count":3,"href":"http:\/\/www.federseele.de\/index.php?rest_route=\/wp\/v2\/pages\/41\/revisions"}],"predecessor-version":[{"id":75,"href":"http:\/\/www.federseele.de\/index.php?rest_route=\/wp\/v2\/pages\/41\/revisions\/75"}],"wp:attachment":[{"href":"http:\/\/www.federseele.de\/index.php?rest_route=%2Fwp%2Fv2%2Fmedia&parent=41"}],"curies":[{"name":"wp","href":"https:\/\/api.w.org\/{rel}","templated":true}]}}