{"id":3,"date":"2024-11-28T20:09:56","date_gmt":"2024-11-28T19:09:56","guid":{"rendered":"http:\/\/www.federseele.de\/?page_id=3"},"modified":"2024-12-08T13:49:22","modified_gmt":"2024-12-08T12:49:22","slug":"datenschutzerklaerung","status":"publish","type":"page","link":"http:\/\/www.federseele.de\/?page_id=3","title":{"rendered":"Datenschutzerkl\u00e4rung"},"content":{"rendered":"\n<h2 class=\"wp-block-heading\">Einleitung und \u00dcberblick<\/h2>\n\n\n\n<p>Wir haben diese Datenschutzerkl\u00e4rung (Fassung 08.12.2024-322916561) verfasst, um Ihnen gem\u00e4\u00df der Vorgaben der&nbsp;<a href=\"https:\/\/eur-lex.europa.eu\/legal-content\/DE\/TXT\/HTML\/?uri=CELEX:32016R0679&amp;from=DE&amp;tid=322916561#d1e2269-1-1\" target=\"_blank\" rel=\"noreferrer noopener\">Datenschutz-Grundverordnung (EU) 2016\/679<\/a>&nbsp;und anwendbaren nationalen Gesetzen zu erkl\u00e4ren, welche personenbezogenen Daten (kurz Daten) wir als Verantwortliche \u2013 und die von uns beauftragten Auftragsverarbeiter (z. B. Provider) \u2013 verarbeiten, zuk\u00fcnftig verarbeiten werden und welche rechtm\u00e4\u00dfigen M\u00f6glichkeiten Sie haben. Die verwendeten Begriffe sind geschlechtsneutral zu verstehen.<br><strong>Kurz gesagt:<\/strong>&nbsp;Wir informieren Sie umfassend \u00fcber Daten, die wir \u00fcber Sie verarbeiten.<\/p>\n\n\n\n<p>Datenschutzerkl\u00e4rungen klingen f\u00fcr gew\u00f6hnlich sehr technisch und verwenden juristische Fachbegriffe. Diese Datenschutzerkl\u00e4rung soll Ihnen hingegen die wichtigsten Dinge so einfach und transparent wie m\u00f6glich beschreiben. Soweit es der Transparenz f\u00f6rderlich ist, werden technische&nbsp;<strong>Begriffe leserfreundlich erkl\u00e4rt<\/strong>, Links zu weiterf\u00fchrenden Informationen geboten und&nbsp;<strong>Grafiken<\/strong>&nbsp;zum Einsatz gebracht. Wir informieren damit in klarer und einfacher Sprache, dass wir im Rahmen unserer Gesch\u00e4ftst\u00e4tigkeiten nur dann personenbezogene Daten verarbeiten, wenn eine entsprechende gesetzliche Grundlage gegeben ist. Das ist sicher nicht m\u00f6glich, wenn man m\u00f6glichst knappe, unklare und juristisch-technische Erkl\u00e4rungen abgibt, so wie sie im Internet oft Standard sind, wenn es um Datenschutz geht. Ich hoffe, Sie finden die folgenden Erl\u00e4uterungen interessant und informativ und vielleicht ist die eine oder andere Information dabei, die Sie noch nicht kannten.<br>Wenn trotzdem Fragen bleiben, m\u00f6chten wir Sie bitten, sich an die unten bzw. im Impressum genannte verantwortliche Stelle zu wenden, den vorhandenen Links zu folgen und sich weitere Informationen auf Drittseiten anzusehen. Unsere Kontaktdaten finden Sie selbstverst\u00e4ndlich auch im Impressum.<\/p>\n\n\n\n<h2 class=\"wp-block-heading\" id=\"anwendungsbereich\">Anwendungsbereich<\/h2>\n\n\n\n<p>Diese Datenschutzerkl\u00e4rung gilt f\u00fcr alle von uns im Unternehmen verarbeiteten personenbezogenen Daten und f\u00fcr alle personenbezogenen Daten, die von uns beauftragte Firmen (Auftragsverarbeiter) verarbeiten. Mit personenbezogenen Daten meinen wir Informationen im Sinne des Art. 4 Nr. 1 DSGVO wie zum Beispiel Name, E-Mail-Adresse und postalische Anschrift einer Person. Die Verarbeitung personenbezogener Daten sorgt daf\u00fcr, dass wir unsere Dienstleistungen und Produkte anbieten und abrechnen k\u00f6nnen, sei es online oder offline. Der Anwendungsbereich dieser Datenschutzerkl\u00e4rung umfasst:<\/p>\n\n\n\n<ul class=\"wp-block-list\">\n<li>alle Onlineauftritte (Websites, Onlineshops), die wir betreiben<\/li>\n\n\n\n<li>Social Media Auftritte und E-Mail-Kommunikation<\/li>\n\n\n\n<li>mobile Apps f\u00fcr Smartphones und andere Ger\u00e4te<\/li>\n<\/ul>\n\n\n\n<p><strong>Kurz gesagt:<\/strong>&nbsp;Die Datenschutzerkl\u00e4rung gilt f\u00fcr alle Bereiche, in denen personenbezogene Daten im Unternehmen \u00fcber die genannten Kan\u00e4le strukturiert verarbeitet werden. Sollten wir au\u00dferhalb dieser Kan\u00e4le mit Ihnen in Rechtsbeziehungen eintreten, werden wir Sie gegebenenfalls gesondert informieren.<\/p>\n\n\n\n<h2 class=\"wp-block-heading\" id=\"rechtsgrundlagen\">Rechtsgrundlagen<\/h2>\n\n\n\n<p>In der folgenden Datenschutzerkl\u00e4rung geben wir Ihnen transparente Informationen zu den rechtlichen Grunds\u00e4tzen und Vorschriften, also den Rechtsgrundlagen der Datenschutz-Grundverordnung, die uns erm\u00f6glichen, personenbezogene Daten zu verarbeiten.<br>Was das EU-Recht betrifft, beziehen wir uns auf die VERORDNUNG (EU) 2016\/679 DES EUROP\u00c4ISCHEN PARLAMENTS UND DES RATES vom 27. April 2016. Diese Datenschutz-Grundverordnung der EU k\u00f6nnen Sie selbstverst\u00e4ndlich online auf EUR-Lex, dem Zugang zum EU-Recht, unter&nbsp;<a href=\"https:\/\/eur-lex.europa.eu\/legal-content\/DE\/ALL\/?uri=celex%3A32016R0679\">https:\/\/eur-lex.europa.eu\/legal-content\/DE\/ALL\/?uri=celex%3A32016R0679<\/a>&nbsp;nachlesen.<\/p>\n\n\n\n<p>Wir verarbeiten Ihre Daten nur, wenn mindestens eine der folgenden Bedingungen zutrifft:<\/p>\n\n\n\n<ol class=\"wp-block-list\">\n<li><strong>Einwilligung<\/strong>&nbsp;(Artikel 6 Absatz 1 lit. a DSGVO): Sie haben uns Ihre Einwilligung gegeben, Daten zu einem bestimmten Zweck zu verarbeiten. Ein Beispiel w\u00e4re die Speicherung Ihrer eingegebenen Daten eines Kontaktformulars.<\/li>\n\n\n\n<li><strong>Vertrag<\/strong>&nbsp;(Artikel 6 Absatz 1 lit. b DSGVO): Um einen Vertrag oder vorvertragliche Verpflichtungen mit Ihnen zu erf\u00fcllen, verarbeiten wir Ihre Daten. Wenn wir zum Beispiel einen Kaufvertrag mit Ihnen abschlie\u00dfen, ben\u00f6tigen wir vorab personenbezogene Informationen.<\/li>\n\n\n\n<li><strong>Rechtliche Verpflichtung<\/strong>&nbsp;(Artikel 6 Absatz 1 lit. c DSGVO): Wenn wir einer rechtlichen Verpflichtung unterliegen, verarbeiten wir Ihre Daten. Zum Beispiel sind wir gesetzlich verpflichtet Rechnungen f\u00fcr die Buchhaltung aufzuheben. Diese enthalten in der Regel personenbezogene Daten.<\/li>\n\n\n\n<li><strong>Berechtigte Interessen<\/strong>&nbsp;(Artikel 6 Absatz 1 lit. f DSGVO): Im Falle berechtigter Interessen, die Ihre Grundrechte nicht einschr\u00e4nken, behalten wir uns die Verarbeitung personenbezogener Daten vor. Wir m\u00fcssen zum Beispiel gewisse Daten verarbeiten, um unsere Website sicher und wirtschaftlich effizient betreiben zu k\u00f6nnen. Diese Verarbeitung ist somit ein berechtigtes Interesse.<\/li>\n<\/ol>\n\n\n\n<p>Weitere Bedingungen wie die Wahrnehmung von Aufnahmen im \u00f6ffentlichen Interesse und Aus\u00fcbung \u00f6ffentlicher Gewalt sowie dem Schutz lebenswichtiger Interessen treten bei uns in der Regel nicht auf. Soweit eine solche Rechtsgrundlage doch einschl\u00e4gig sein sollte, wird diese an der entsprechenden Stelle ausgewiesen.<\/p>\n\n\n\n<p>Zus\u00e4tzlich zu der EU-Verordnung gelten auch noch nationale Gesetze:<\/p>\n\n\n\n<ul class=\"wp-block-list\">\n<li>In&nbsp;<strong>\u00d6sterreich<\/strong>&nbsp;ist dies das Bundesgesetz zum Schutz nat\u00fcrlicher Personen bei der Verarbeitung personenbezogener Daten (<strong>Datenschutzgesetz<\/strong>), kurz&nbsp;<strong>DSG<\/strong>.<\/li>\n\n\n\n<li>In&nbsp;<strong>Deutschland<\/strong>&nbsp;gilt das&nbsp;<strong>Bundesdatenschutzgesetz<\/strong>, kurz<strong>&nbsp;BDSG<\/strong>.<\/li>\n<\/ul>\n\n\n\n<p>Sofern weitere regionale oder nationale Gesetze zur Anwendung kommen, informieren wir Sie in den folgenden Abschnitten dar\u00fcber.<\/p>\n\n\n\n<h2 class=\"wp-block-heading\" id=\"kontaktdaten-verantwortliche\">Kontaktdaten des Verantwortlichen<\/h2>\n\n\n\n<p>Sollten Sie Fragen zum Datenschutz oder zur Verarbeitung personenbezogener Daten haben, finden Sie nachfolgend die Kontaktdaten des Verantwortlichen gem\u00e4\u00df Artikel 4 Absatz 7 EU-Datenschutz-Grundverordnung (DSGVO):<br>Olga Nikitin<br>Frankfurter Str. 61, 61279 Gr\u00e4venwiesbach<br><\/p>\n\n\n\n<p>E-Mail:&nbsp;<a href=\"mailto:a.woronzova@gmail.com\">a.woronzova@gmail.com<\/a><\/p>\n\n\n\n<h2 class=\"wp-block-heading\" id=\"speicherdauer\">Speicherdauer<\/h2>\n\n\n\n<p>Dass wir personenbezogene Daten nur so lange speichern, wie es f\u00fcr die Bereitstellung unserer Dienstleistungen und Produkte unbedingt notwendig ist, gilt als generelles Kriterium bei uns. Das bedeutet, dass wir personenbezogene Daten l\u00f6schen, sobald der Grund f\u00fcr die Datenverarbeitung nicht mehr vorhanden ist. In einigen F\u00e4llen sind wir gesetzlich dazu verpflichtet, bestimmte Daten auch nach Wegfall des urspr\u00fcngliches Zwecks zu speichern, zum Beispiel zu Zwecken der Buchf\u00fchrung.<\/p>\n\n\n\n<p>Sollten Sie die L\u00f6schung Ihrer Daten w\u00fcnschen oder die Einwilligung zur Datenverarbeitung widerrufen, werden die Daten so rasch wie m\u00f6glich und soweit keine Pflicht zur Speicherung besteht, gel\u00f6scht.<\/p>\n\n\n\n<p>\u00dcber die konkrete Dauer der jeweiligen Datenverarbeitung informieren wir Sie weiter unten, sofern wir weitere Informationen dazu haben.<\/p>\n\n\n\n<h2 class=\"wp-block-heading\" id=\"rechte-dsgvo\">Rechte laut Datenschutz-Grundverordnung<\/h2>\n\n\n\n<p>Gem\u00e4\u00df Artikel 13, 14 DSGVO informieren wir Sie \u00fcber die folgenden Rechte, die Ihnen zustehen, damit es zu einer fairen und transparenten Verarbeitung von Daten kommt:<\/p>\n\n\n\n<ul class=\"wp-block-list\">\n<li>Sie haben laut Artikel 15 DSGVO ein Auskunftsrecht dar\u00fcber, ob wir Daten von Ihnen verarbeiten. Sollte das zutreffen, haben Sie Recht darauf eine Kopie der Daten zu erhalten und die folgenden Informationen zu erfahren:\n<ul class=\"wp-block-list\">\n<li>zu welchem Zweck wir die Verarbeitung durchf\u00fchren;<\/li>\n\n\n\n<li>die Kategorien, also die Arten von Daten, die verarbeitet werden;<\/li>\n\n\n\n<li>wer diese Daten erh\u00e4lt und wenn die Daten an Drittl\u00e4nder \u00fcbermittelt werden, wie die Sicherheit garantiert werden kann;<\/li>\n\n\n\n<li>wie lange die Daten gespeichert werden;<\/li>\n\n\n\n<li>das Bestehen des Rechts auf Berichtigung, L\u00f6schung oder Einschr\u00e4nkung der Verarbeitung und dem Widerspruchsrecht gegen die Verarbeitung;<\/li>\n\n\n\n<li>dass Sie sich bei einer Aufsichtsbeh\u00f6rde beschweren k\u00f6nnen (Links zu diesen Beh\u00f6rden finden Sie weiter unten);<\/li>\n\n\n\n<li>die Herkunft der Daten, wenn wir sie nicht bei Ihnen erhoben haben;<\/li>\n\n\n\n<li>ob Profiling durchgef\u00fchrt wird, ob also Daten automatisch ausgewertet werden, um zu einem pers\u00f6nlichen Profil von Ihnen zu gelangen.<\/li>\n<\/ul>\n<\/li>\n\n\n\n<li>Sie haben laut Artikel 16 DSGVO ein Recht auf Berichtigung der Daten, was bedeutet, dass wir Daten richtig stellen m\u00fcssen, falls Sie Fehler finden.<\/li>\n\n\n\n<li>Sie haben laut Artikel 17 DSGVO das Recht auf L\u00f6schung (\u201eRecht auf Vergessenwerden\u201c), was konkret bedeutet, dass Sie die L\u00f6schung Ihrer Daten verlangen d\u00fcrfen.<\/li>\n\n\n\n<li>Sie haben laut Artikel 18 DSGVO das Recht auf Einschr\u00e4nkung der Verarbeitung, was bedeutet, dass wir die Daten nur mehr speichern d\u00fcrfen aber nicht weiter verwenden.<\/li>\n\n\n\n<li>Sie haben laut Artikel 20 DSGVO das Recht auf Daten\u00fcbertragbarkeit, was bedeutet, dass wir Ihnen auf Anfrage Ihre Daten in einem g\u00e4ngigen Format zur Verf\u00fcgung stellen.<\/li>\n\n\n\n<li>Sie haben laut Artikel 21 DSGVO ein Widerspruchsrecht, welches nach Durchsetzung eine \u00c4nderung der Verarbeitung mit sich bringt.\n<ul class=\"wp-block-list\">\n<li>Wenn die Verarbeitung Ihrer Daten auf Artikel 6 Abs. 1 lit. e (\u00f6ffentliches Interesse, Aus\u00fcbung \u00f6ffentlicher Gewalt) oder Artikel 6 Abs. 1 lit. f (berechtigtes Interesse) basiert, k\u00f6nnen Sie gegen die Verarbeitung Widerspruch einlegen. Wir pr\u00fcfen danach so rasch wie m\u00f6glich, ob wir diesem Widerspruch rechtlich nachkommen k\u00f6nnen.<\/li>\n\n\n\n<li>Werden Daten verwendet, um Direktwerbung zu betreiben, k\u00f6nnen Sie jederzeit gegen diese Art der Datenverarbeitung widersprechen. Wir d\u00fcrfen Ihre Daten danach nicht mehr f\u00fcr Direktmarketing verwenden.<\/li>\n\n\n\n<li>Werden Daten verwendet, um Profiling zu betreiben, k\u00f6nnen Sie jederzeit gegen diese Art der Datenverarbeitung widersprechen. Wir d\u00fcrfen Ihre Daten danach nicht mehr f\u00fcr Profiling verwenden.<\/li>\n<\/ul>\n<\/li>\n\n\n\n<li>Sie haben laut Artikel 22 DSGVO unter Umst\u00e4nden das Recht, nicht einer ausschlie\u00dflich auf einer automatisierten Verarbeitung (zum Beispiel Profiling) beruhenden Entscheidung unterworfen zu werden.<\/li>\n\n\n\n<li>Sie haben laut Artikel 77 DSGVO das Recht auf Beschwerde. Das hei\u00dft, Sie k\u00f6nnen sich jederzeit bei der Datenschutzbeh\u00f6rde beschweren, wenn Sie der Meinung sind, dass die Datenverarbeitung von personenbezogenen Daten gegen die DSGVO verst\u00f6\u00dft.<\/li>\n<\/ul>\n\n\n\n<p><strong>Kurz gesagt:<\/strong>&nbsp;Sie haben Rechte \u2013 z\u00f6gern Sie nicht, die oben gelistete verantwortliche Stelle bei uns zu kontaktieren!<\/p>\n\n\n\n<p>Wenn Sie glauben, dass die Verarbeitung Ihrer Daten gegen das Datenschutzrecht verst\u00f6\u00dft oder Ihre datenschutzrechtlichen Anspr\u00fcche in sonst einer Weise verletzt worden sind, k\u00f6nnen Sie sich bei der Aufsichtsbeh\u00f6rde beschweren. Diese ist f\u00fcr \u00d6sterreich die Datenschutzbeh\u00f6rde, deren Website Sie unter&nbsp;<a href=\"https:\/\/www.dsb.gv.at\/?tid=322916561\" target=\"_blank\" rel=\"noreferrer noopener\">https:\/\/www.dsb.gv.at\/<\/a>&nbsp;finden. In Deutschland gibt es f\u00fcr jedes Bundesland einen Datenschutzbeauftragten. F\u00fcr n\u00e4here Informationen k\u00f6nnen Sie sich an die&nbsp;<a href=\"https:\/\/www.bfdi.bund.de\/DE\/Home\/home_node.html\" target=\"_blank\" rel=\"noreferrer noopener\">Bundesbeauftragte f\u00fcr den Datenschutz und die Informationsfreiheit (BfDI)<\/a>&nbsp;wenden. F\u00fcr unser Unternehmen ist die folgende lokale Datenschutzbeh\u00f6rde zust\u00e4ndig:<\/p>\n\n\n\n<h2 class=\"wp-block-heading\" id=\"hessen-datenschutzbehoerde\">Hessen Datenschutzbeh\u00f6rde<\/h2>\n\n\n\n<p><strong>Landesbeauftragter f\u00fcr Datenschutz:<\/strong>&nbsp;Prof. Dr. Alexander Ro\u00dfnagel<br><strong>Adresse:&nbsp;<\/strong>Postfach 31 63, 65021 Wiesbaden<br><strong>Telefonnr.:<\/strong>&nbsp;06 11\/140 80<br><strong>E-Mail-Adresse:<\/strong>&nbsp;<a href=\"mailto:poststelle@datenschutz.hessen.de\" target=\"_blank\" rel=\"noreferrer noopener\">poststelle@datenschutz.hessen.de<\/a><br><strong>Website:&nbsp;<\/strong><a href=\"https:\/\/datenschutz.hessen.de\/?tid=322916561\" target=\"_blank\" rel=\"noreferrer noopener\">https:\/\/datenschutz.hessen.de\/<\/a><\/p>\n\n\n\n<p>Alle Texte sind urheberrechtlich gesch\u00fctzt.<\/p>\n\n\n\n<p>Quelle:&nbsp;<a href=\"https:\/\/www.adsimple.de\/datenschutz-generator\/\">Datenschutzerkl\u00e4rung<\/a>&nbsp;erstellt mit dem Datenschutz Generator f\u00fcr Deutschland von AdSimple. Schauen Sie sich auch unsere&nbsp;<a href=\"https:\/\/www.adsimple.de\/muster-datenschutzerklaerung\/\">Muster-Datenschutzerkl\u00e4rung<\/a>&nbsp;an.<\/p>\n\n\n\n<p><\/p>\n","protected":false},"excerpt":{"rendered":"<p>Einleitung und \u00dcberblick Wir haben diese Datenschutzerkl\u00e4rung (Fassung 08.12.2024-322916561) verfasst, um Ihnen gem\u00e4\u00df der Vorgaben der&nbsp;Datenschutz-Grundverordnung (EU) 2016\/679&nbsp;und anwendbaren nationalen Gesetzen zu erkl\u00e4ren, welche personenbezogenen Daten (kurz Daten) wir als Verantwortliche \u2013 und die von uns beauftragten Auftragsverarbeiter (z. B. Provider) \u2013 verarbeiten, zuk\u00fcnftig verarbeiten werden und welche rechtm\u00e4\u00dfigen M\u00f6glichkeiten Sie haben. Die verwendeten Begriffe sind geschlechtsneutral zu verstehen.Kurz gesagt:&nbsp;Wir informieren Sie umfassend \u00fcber Daten, die wir \u00fcber Sie verarbeiten. Datenschutzerkl\u00e4rungen klingen f\u00fcr gew\u00f6hnlich sehr technisch und verwenden juristische Fachbegriffe. Diese Datenschutzerkl\u00e4rung soll Ihnen hingegen die wichtigsten Dinge so einfach und transparent wie m\u00f6glich beschreiben. Soweit es der Transparenz f\u00f6rderlich ist, werden technische&nbsp;Begriffe leserfreundlich erkl\u00e4rt, Links zu weiterf\u00fchrenden Informationen geboten und&nbsp;Grafiken&nbsp;zum Einsatz gebracht. Wir informieren damit in klarer und einfacher Sprache, dass wir im Rahmen unserer Gesch\u00e4ftst\u00e4tigkeiten nur dann personenbezogene Daten verarbeiten, wenn eine entsprechende gesetzliche Grundlage gegeben ist. Das ist sicher nicht m\u00f6glich, wenn man m\u00f6glichst knappe, unklare und juristisch-technische Erkl\u00e4rungen abgibt, so wie sie im Internet oft Standard sind, wenn es um Datenschutz geht. Ich hoffe, Sie finden die folgenden Erl\u00e4uterungen interessant und informativ und vielleicht ist die eine oder andere Information dabei, die Sie noch nicht kannten.Wenn trotzdem Fragen bleiben, m\u00f6chten wir Sie bitten, sich an die unten bzw. im Impressum genannte verantwortliche Stelle zu wenden, den vorhandenen Links zu folgen und sich weitere Informationen auf Drittseiten anzusehen. Unsere Kontaktdaten finden Sie selbstverst\u00e4ndlich auch im Impressum. Anwendungsbereich Diese Datenschutzerkl\u00e4rung gilt f\u00fcr alle von uns im Unternehmen verarbeiteten personenbezogenen Daten und f\u00fcr alle personenbezogenen Daten, die von uns beauftragte Firmen (Auftragsverarbeiter) verarbeiten. Mit personenbezogenen Daten meinen wir Informationen im Sinne des Art. 4 Nr. 1 DSGVO wie zum Beispiel Name, E-Mail-Adresse und postalische Anschrift einer Person. Die Verarbeitung personenbezogener Daten sorgt daf\u00fcr, dass wir unsere Dienstleistungen und Produkte anbieten und abrechnen k\u00f6nnen, sei es online oder offline. Der Anwendungsbereich dieser Datenschutzerkl\u00e4rung umfasst: Kurz gesagt:&nbsp;Die Datenschutzerkl\u00e4rung gilt f\u00fcr alle Bereiche, in denen personenbezogene Daten im Unternehmen \u00fcber die genannten Kan\u00e4le strukturiert verarbeitet werden. Sollten wir au\u00dferhalb dieser Kan\u00e4le mit Ihnen in Rechtsbeziehungen eintreten, werden wir Sie gegebenenfalls gesondert informieren. Rechtsgrundlagen In der folgenden Datenschutzerkl\u00e4rung geben wir Ihnen transparente Informationen zu den rechtlichen Grunds\u00e4tzen und Vorschriften, also den Rechtsgrundlagen der Datenschutz-Grundverordnung, die uns erm\u00f6glichen, personenbezogene Daten zu verarbeiten.Was das EU-Recht betrifft, beziehen wir uns auf die VERORDNUNG (EU) 2016\/679 DES EUROP\u00c4ISCHEN PARLAMENTS UND DES RATES vom 27. April 2016. Diese Datenschutz-Grundverordnung der EU k\u00f6nnen Sie selbstverst\u00e4ndlich online auf EUR-Lex, dem Zugang zum EU-Recht, unter&nbsp;https:\/\/eur-lex.europa.eu\/legal-content\/DE\/ALL\/?uri=celex%3A32016R0679&nbsp;nachlesen. Wir verarbeiten Ihre Daten nur, wenn mindestens eine der folgenden Bedingungen zutrifft: Weitere Bedingungen wie die Wahrnehmung von Aufnahmen im \u00f6ffentlichen Interesse und Aus\u00fcbung \u00f6ffentlicher Gewalt sowie dem Schutz lebenswichtiger Interessen treten bei uns in der Regel nicht auf. Soweit eine solche Rechtsgrundlage doch einschl\u00e4gig sein sollte, wird diese an der entsprechenden Stelle ausgewiesen. Zus\u00e4tzlich zu der EU-Verordnung gelten auch noch nationale Gesetze: Sofern weitere regionale oder nationale Gesetze zur Anwendung kommen, informieren wir Sie in den folgenden Abschnitten dar\u00fcber. Kontaktdaten des Verantwortlichen Sollten Sie Fragen zum Datenschutz oder zur Verarbeitung personenbezogener Daten haben, finden Sie nachfolgend die Kontaktdaten des Verantwortlichen gem\u00e4\u00df Artikel 4 Absatz 7 EU-Datenschutz-Grundverordnung (DSGVO):Olga NikitinFrankfurter Str. 61, 61279 Gr\u00e4venwiesbach E-Mail:&nbsp;a.woronzova@gmail.com Speicherdauer Dass wir personenbezogene Daten nur so lange speichern, wie es f\u00fcr die Bereitstellung unserer Dienstleistungen und Produkte unbedingt notwendig ist, gilt als generelles Kriterium bei uns. Das bedeutet, dass wir personenbezogene Daten l\u00f6schen, sobald der Grund f\u00fcr die Datenverarbeitung nicht mehr vorhanden ist. In einigen F\u00e4llen sind wir gesetzlich dazu verpflichtet, bestimmte Daten auch nach Wegfall des urspr\u00fcngliches Zwecks zu speichern, zum Beispiel zu Zwecken der Buchf\u00fchrung. Sollten Sie die L\u00f6schung Ihrer Daten w\u00fcnschen oder die Einwilligung zur Datenverarbeitung widerrufen, werden die Daten so rasch wie m\u00f6glich und soweit keine Pflicht zur Speicherung besteht, gel\u00f6scht. \u00dcber die konkrete Dauer der jeweiligen Datenverarbeitung informieren wir Sie weiter unten, sofern wir weitere Informationen dazu haben. Rechte laut Datenschutz-Grundverordnung Gem\u00e4\u00df Artikel 13, 14 DSGVO informieren wir Sie \u00fcber die folgenden Rechte, die Ihnen zustehen, damit es zu einer fairen und transparenten Verarbeitung von Daten kommt: Kurz gesagt:&nbsp;Sie haben Rechte \u2013 z\u00f6gern Sie nicht, die oben gelistete verantwortliche Stelle bei uns zu kontaktieren! Wenn Sie glauben, dass die Verarbeitung Ihrer Daten gegen das Datenschutzrecht verst\u00f6\u00dft oder Ihre datenschutzrechtlichen Anspr\u00fcche in sonst einer Weise verletzt worden sind, k\u00f6nnen Sie sich bei der Aufsichtsbeh\u00f6rde beschweren. Diese ist f\u00fcr \u00d6sterreich die Datenschutzbeh\u00f6rde, deren Website Sie unter&nbsp;https:\/\/www.dsb.gv.at\/&nbsp;finden. In Deutschland gibt es f\u00fcr jedes Bundesland einen Datenschutzbeauftragten. F\u00fcr n\u00e4here Informationen k\u00f6nnen Sie sich an die&nbsp;Bundesbeauftragte f\u00fcr den Datenschutz und die Informationsfreiheit (BfDI)&nbsp;wenden. F\u00fcr unser Unternehmen ist die folgende lokale Datenschutzbeh\u00f6rde zust\u00e4ndig: Hessen Datenschutzbeh\u00f6rde Landesbeauftragter f\u00fcr Datenschutz:&nbsp;Prof. Dr. Alexander Ro\u00dfnagelAdresse:&nbsp;Postfach 31 63, 65021 WiesbadenTelefonnr.:&nbsp;06 11\/140 80E-Mail-Adresse:&nbsp;poststelle@datenschutz.hessen.deWebsite:&nbsp;https:\/\/datenschutz.hessen.de\/ Alle Texte sind urheberrechtlich gesch\u00fctzt. Quelle:&nbsp;Datenschutzerkl\u00e4rung&nbsp;erstellt mit dem Datenschutz Generator f\u00fcr Deutschland von AdSimple. Schauen Sie sich auch unsere&nbsp;Muster-Datenschutzerkl\u00e4rung&nbsp;an.<\/p>\n","protected":false},"author":1,"featured_media":0,"parent":0,"menu_order":0,"comment_status":"closed","ping_status":"open","template":"","meta":{"footnotes":""},"class_list":["post-3","page","type-page","status-publish","hentry"],"_links":{"self":[{"href":"http:\/\/www.federseele.de\/index.php?rest_route=\/wp\/v2\/pages\/3","targetHints":{"allow":["GET"]}}],"collection":[{"href":"http:\/\/www.federseele.de\/index.php?rest_route=\/wp\/v2\/pages"}],"about":[{"href":"http:\/\/www.federseele.de\/index.php?rest_route=\/wp\/v2\/types\/page"}],"author":[{"embeddable":true,"href":"http:\/\/www.federseele.de\/index.php?rest_route=\/wp\/v2\/users\/1"}],"replies":[{"embeddable":true,"href":"http:\/\/www.federseele.de\/index.php?rest_route=%2Fwp%2Fv2%2Fcomments&post=3"}],"version-history":[{"count":3,"href":"http:\/\/www.federseele.de\/index.php?rest_route=\/wp\/v2\/pages\/3\/revisions"}],"predecessor-version":[{"id":77,"href":"http:\/\/www.federseele.de\/index.php?rest_route=\/wp\/v2\/pages\/3\/revisions\/77"}],"wp:attachment":[{"href":"http:\/\/www.federseele.de\/index.php?rest_route=%2Fwp%2Fv2%2Fmedia&parent=3"}],"curies":[{"name":"wp","href":"https:\/\/api.w.org\/{rel}","templated":true}]}}